{"id":1085,"date":"2022-12-21T20:05:51","date_gmt":"2022-12-21T19:05:51","guid":{"rendered":"https:\/\/www.vanilleetepicesdemadagascar.com\/?post_type=product&#038;p=1085"},"modified":"2026-01-25T08:34:23","modified_gmt":"2026-01-25T07:34:23","slug":"poivre-vert-de-madagascar","status":"publish","type":"product","link":"https:\/\/www.vanilleetepicesdemadagascar.com\/en\/product\/poivre-vert-de-madagascar\/","title":{"rendered":"Poivre vert sal\u00e9 citronn\u00e9   De Madagascar"},"content":{"rendered":"<p><strong>Ce poivre vert est une cr\u00e9ation unique de notre part !! \u00c0 d\u00e9couvrir pour vos pupilles <\/strong><\/p>","protected":false},"excerpt":{"rendered":"<p>Ce poivre vert est une cr\u00e9ation unique de notre part !! \u00c0 d\u00e9couvrir pour vos pupilles<\/p>","protected":false},"featured_media":1688,"template":"","meta":[],"product_brand":[],"product_cat":[20],"product_tag":[],"class_list":{"0":"post-1085","1":"product","2":"type-product","3":"status-publish","4":"has-post-thumbnail","6":"product_cat-boutique","8":"first","9":"instock","10":"shipping-taxable","11":"purchasable","12":"product-type-variable"},"aioseo_notices":[],"jetpack_sharing_enabled":true,"_links":{"self":[{"href":"https:\/\/www.vanilleetepicesdemadagascar.com\/en\/wp-json\/wp\/v2\/product\/1085","targetHints":{"allow":["GET"]}}],"collection":[{"href":"https:\/\/www.vanilleetepicesdemadagascar.com\/en\/wp-json\/wp\/v2\/product"}],"about":[{"href":"https:\/\/www.vanilleetepicesdemadagascar.com\/en\/wp-json\/wp\/v2\/types\/product"}],"version-history":[{"count":3,"href":"https:\/\/www.vanilleetepicesdemadagascar.com\/en\/wp-json\/wp\/v2\/product\/1085\/revisions"}],"predecessor-version":[{"id":2807,"href":"https:\/\/www.vanilleetepicesdemadagascar.com\/en\/wp-json\/wp\/v2\/product\/1085\/revisions\/2807"}],"wp:featuredmedia":[{"embeddable":true,"href":"https:\/\/www.vanilleetepicesdemadagascar.com\/en\/wp-json\/wp\/v2\/media\/1688"}],"wp:attachment":[{"href":"https:\/\/www.vanilleetepicesdemadagascar.com\/en\/wp-json\/wp\/v2\/media?parent=1085"}],"wp:term":[{"taxonomy":"product_brand","embeddable":true,"href":"https:\/\/www.vanilleetepicesdemadagascar.com\/en\/wp-json\/wp\/v2\/product_brand?post=1085"},{"taxonomy":"product_cat","embeddable":true,"href":"https:\/\/www.vanilleetepicesdemadagascar.com\/en\/wp-json\/wp\/v2\/product_cat?post=1085"},{"taxonomy":"product_tag","embeddable":true,"href":"https:\/\/www.vanilleetepicesdemadagascar.com\/en\/wp-json\/wp\/v2\/product_tag?post=1085"}],"curies":[{"name":"wp","href":"https:\/\/api.w.org\/{rel}","templated":true}]}}