{"id":355,"date":"2021-08-17T13:52:32","date_gmt":"2021-08-17T11:52:32","guid":{"rendered":"https:\/\/www.vanilleetepicesdemadagascar.com\/?post_type=product&#038;p=355"},"modified":"2026-01-21T15:12:54","modified_gmt":"2026-01-21T14:12:54","slug":"poivrier-moulin-a-poivre","status":"publish","type":"product","link":"https:\/\/www.vanilleetepicesdemadagascar.com\/en\/product\/poivrier-moulin-a-poivre\/","title":{"rendered":"POIVRIER-MOULIN A POIVRE"},"content":{"rendered":"<p>Moulin \u00e0 poivre \/sel de haute qualit\u00e9 (inox \/ t\u00eate c\u00e9ramique \/verre )<\/p>\n<p>Contenance 50g<\/p>","protected":false},"excerpt":{"rendered":"<p>Moulin \u00e0 poivre manuel de haute qualit\u00e9. Verre+acier inoxydable+broyeur en c\u00e9ramique+couvercle transparent<\/p>\n<p>Taille 6,5 cm*19,3 cm<\/p>\n<p>Poids 293 grammes<\/p>\n<p>Volume 180 ML<\/p>\n<p>Peut contenir jusqu&rsquo;\u00e0 100 grammes de poivres<\/p>","protected":false},"featured_media":2629,"template":"","meta":[],"product_brand":[],"product_cat":[20],"product_tag":[],"class_list":{"0":"post-355","1":"product","2":"type-product","3":"status-publish","4":"has-post-thumbnail","6":"product_cat-boutique","8":"first","9":"instock","10":"shipping-taxable","11":"purchasable","12":"product-type-simple"},"aioseo_notices":[],"jetpack_sharing_enabled":true,"_links":{"self":[{"href":"https:\/\/www.vanilleetepicesdemadagascar.com\/en\/wp-json\/wp\/v2\/product\/355","targetHints":{"allow":["GET"]}}],"collection":[{"href":"https:\/\/www.vanilleetepicesdemadagascar.com\/en\/wp-json\/wp\/v2\/product"}],"about":[{"href":"https:\/\/www.vanilleetepicesdemadagascar.com\/en\/wp-json\/wp\/v2\/types\/product"}],"version-history":[{"count":1,"href":"https:\/\/www.vanilleetepicesdemadagascar.com\/en\/wp-json\/wp\/v2\/product\/355\/revisions"}],"predecessor-version":[{"id":2678,"href":"https:\/\/www.vanilleetepicesdemadagascar.com\/en\/wp-json\/wp\/v2\/product\/355\/revisions\/2678"}],"wp:featuredmedia":[{"embeddable":true,"href":"https:\/\/www.vanilleetepicesdemadagascar.com\/en\/wp-json\/wp\/v2\/media\/2629"}],"wp:attachment":[{"href":"https:\/\/www.vanilleetepicesdemadagascar.com\/en\/wp-json\/wp\/v2\/media?parent=355"}],"wp:term":[{"taxonomy":"product_brand","embeddable":true,"href":"https:\/\/www.vanilleetepicesdemadagascar.com\/en\/wp-json\/wp\/v2\/product_brand?post=355"},{"taxonomy":"product_cat","embeddable":true,"href":"https:\/\/www.vanilleetepicesdemadagascar.com\/en\/wp-json\/wp\/v2\/product_cat?post=355"},{"taxonomy":"product_tag","embeddable":true,"href":"https:\/\/www.vanilleetepicesdemadagascar.com\/en\/wp-json\/wp\/v2\/product_tag?post=355"}],"curies":[{"name":"wp","href":"https:\/\/api.w.org\/{rel}","templated":true}]}}