{"id":486,"date":"2021-08-27T11:25:09","date_gmt":"2021-08-27T09:25:09","guid":{"rendered":"https:\/\/www.vanilleetepicesdemadagascar.com\/?post_type=product&#038;p=486"},"modified":"2026-02-21T18:05:42","modified_gmt":"2026-02-21T17:05:42","slug":"batons-de-cannelle-de-madagascar","status":"publish","type":"product","link":"https:\/\/www.vanilleetepicesdemadagascar.com\/en\/product\/batons-de-cannelle-de-madagascar\/","title":{"rendered":"B\u00e2tons de cannelle de Madagascar"},"content":{"rendered":"","protected":false},"excerpt":{"rendered":"<p style=\"font-weight: 400;\">Douceur et d\u00e9licatesse pour cette cannelle produite \u00e0 Madagascar de fa\u00e7on traditionnelle.<\/p>\n<p style=\"font-weight: 400;\">Int\u00e9grez un b\u00e2ton de cannelle dans les tajines, cocottes de l\u00e9gumes ou de viande, compotes de pommes, pr\u00e9paration des entremets (riz au lait..)<\/p>\n<p style=\"font-weight: 400;\">Ou tout simplement en infusion<\/p>","protected":false},"featured_media":1679,"template":"","meta":[],"product_brand":[],"product_cat":[20],"product_tag":[],"class_list":{"0":"post-486","1":"product","2":"type-product","3":"status-publish","4":"has-post-thumbnail","6":"product_cat-boutique","8":"first","9":"instock","10":"shipping-taxable","11":"purchasable","12":"product-type-variable"},"aioseo_notices":[],"jetpack_sharing_enabled":true,"_links":{"self":[{"href":"https:\/\/www.vanilleetepicesdemadagascar.com\/en\/wp-json\/wp\/v2\/product\/486","targetHints":{"allow":["GET"]}}],"collection":[{"href":"https:\/\/www.vanilleetepicesdemadagascar.com\/en\/wp-json\/wp\/v2\/product"}],"about":[{"href":"https:\/\/www.vanilleetepicesdemadagascar.com\/en\/wp-json\/wp\/v2\/types\/product"}],"version-history":[{"count":0,"href":"https:\/\/www.vanilleetepicesdemadagascar.com\/en\/wp-json\/wp\/v2\/product\/486\/revisions"}],"wp:featuredmedia":[{"embeddable":true,"href":"https:\/\/www.vanilleetepicesdemadagascar.com\/en\/wp-json\/wp\/v2\/media\/1679"}],"wp:attachment":[{"href":"https:\/\/www.vanilleetepicesdemadagascar.com\/en\/wp-json\/wp\/v2\/media?parent=486"}],"wp:term":[{"taxonomy":"product_brand","embeddable":true,"href":"https:\/\/www.vanilleetepicesdemadagascar.com\/en\/wp-json\/wp\/v2\/product_brand?post=486"},{"taxonomy":"product_cat","embeddable":true,"href":"https:\/\/www.vanilleetepicesdemadagascar.com\/en\/wp-json\/wp\/v2\/product_cat?post=486"},{"taxonomy":"product_tag","embeddable":true,"href":"https:\/\/www.vanilleetepicesdemadagascar.com\/en\/wp-json\/wp\/v2\/product_tag?post=486"}],"curies":[{"name":"wp","href":"https:\/\/api.w.org\/{rel}","templated":true}]}}