{"id":500,"date":"2021-08-27T11:56:43","date_gmt":"2021-08-27T09:56:43","guid":{"rendered":"https:\/\/www.vanilleetepicesdemadagascar.com\/?post_type=product&#038;p=500"},"modified":"2026-02-04T12:36:30","modified_gmt":"2026-02-04T11:36:30","slug":"noix-de-muscade-entiere","status":"publish","type":"product","link":"https:\/\/www.vanilleetepicesdemadagascar.com\/en\/product\/noix-de-muscade-entiere\/","title":{"rendered":"NOIX DE MUSCADE ENTI\u00c8RE"},"content":{"rendered":"","protected":false},"excerpt":{"rendered":"<p>Produites et r\u00e9colt\u00e9es \u00e0 Majunga au Nord Est de Madagascar,<\/p>\n<p>La noix de muscade est parfaite dans tous les plats \u00e0 base de pommes de terre, de courge ou potiron. Ingr\u00e9dient cl\u00e9 de la sauce b\u00e9chamel, elle accompagne notamment gratins de l\u00e9gumes ou de fruits de mer, p\u00e2tes, riz\u2026 Elle parfume avec bonheur biscuits et cakes, cr\u00e8mes, punch, sangria et liqueurs diverses.<\/p>","protected":false},"featured_media":730,"template":"","meta":[],"product_brand":[],"product_cat":[20],"product_tag":[],"class_list":{"0":"post-500","1":"product","2":"type-product","3":"status-publish","4":"has-post-thumbnail","6":"product_cat-boutique","8":"first","9":"instock","10":"shipping-taxable","11":"purchasable","12":"product-type-variable"},"aioseo_notices":[],"jetpack_sharing_enabled":true,"_links":{"self":[{"href":"https:\/\/www.vanilleetepicesdemadagascar.com\/en\/wp-json\/wp\/v2\/product\/500","targetHints":{"allow":["GET"]}}],"collection":[{"href":"https:\/\/www.vanilleetepicesdemadagascar.com\/en\/wp-json\/wp\/v2\/product"}],"about":[{"href":"https:\/\/www.vanilleetepicesdemadagascar.com\/en\/wp-json\/wp\/v2\/types\/product"}],"version-history":[{"count":0,"href":"https:\/\/www.vanilleetepicesdemadagascar.com\/en\/wp-json\/wp\/v2\/product\/500\/revisions"}],"wp:featuredmedia":[{"embeddable":true,"href":"https:\/\/www.vanilleetepicesdemadagascar.com\/en\/wp-json\/wp\/v2\/media\/730"}],"wp:attachment":[{"href":"https:\/\/www.vanilleetepicesdemadagascar.com\/en\/wp-json\/wp\/v2\/media?parent=500"}],"wp:term":[{"taxonomy":"product_brand","embeddable":true,"href":"https:\/\/www.vanilleetepicesdemadagascar.com\/en\/wp-json\/wp\/v2\/product_brand?post=500"},{"taxonomy":"product_cat","embeddable":true,"href":"https:\/\/www.vanilleetepicesdemadagascar.com\/en\/wp-json\/wp\/v2\/product_cat?post=500"},{"taxonomy":"product_tag","embeddable":true,"href":"https:\/\/www.vanilleetepicesdemadagascar.com\/en\/wp-json\/wp\/v2\/product_tag?post=500"}],"curies":[{"name":"wp","href":"https:\/\/api.w.org\/{rel}","templated":true}]}}