{"id":504,"date":"2021-08-27T12:03:08","date_gmt":"2021-08-27T10:03:08","guid":{"rendered":"https:\/\/www.vanilleetepicesdemadagascar.com\/?post_type=product&#038;p=504"},"modified":"2025-08-27T17:30:36","modified_gmt":"2025-08-27T15:30:36","slug":"macis-de-muscade","status":"publish","type":"product","link":"https:\/\/www.vanilleetepicesdemadagascar.com\/en\/product\/macis-de-muscade\/","title":{"rendered":"MACIS DE MUSCADE"},"content":{"rendered":"<p>25<\/p>","protected":false},"excerpt":{"rendered":"<p>Produite et r\u00e9colt\u00e9e \u00e0 Madagascar.<\/p>\n<p>La saveur du\u00a0macis\u00a0\u00a0est r\u00e9put\u00e9e pour avoir plus de finesse que la noix de muscade.<\/p>","protected":false},"featured_media":508,"template":"","meta":[],"product_brand":[],"product_cat":[20],"product_tag":[],"class_list":{"0":"post-504","1":"product","2":"type-product","3":"status-publish","4":"has-post-thumbnail","6":"product_cat-boutique","8":"first","9":"outofstock","10":"shipping-taxable","11":"purchasable","12":"product-type-variable"},"aioseo_notices":[],"jetpack_sharing_enabled":true,"_links":{"self":[{"href":"https:\/\/www.vanilleetepicesdemadagascar.com\/en\/wp-json\/wp\/v2\/product\/504","targetHints":{"allow":["GET"]}}],"collection":[{"href":"https:\/\/www.vanilleetepicesdemadagascar.com\/en\/wp-json\/wp\/v2\/product"}],"about":[{"href":"https:\/\/www.vanilleetepicesdemadagascar.com\/en\/wp-json\/wp\/v2\/types\/product"}],"version-history":[{"count":0,"href":"https:\/\/www.vanilleetepicesdemadagascar.com\/en\/wp-json\/wp\/v2\/product\/504\/revisions"}],"wp:featuredmedia":[{"embeddable":true,"href":"https:\/\/www.vanilleetepicesdemadagascar.com\/en\/wp-json\/wp\/v2\/media\/508"}],"wp:attachment":[{"href":"https:\/\/www.vanilleetepicesdemadagascar.com\/en\/wp-json\/wp\/v2\/media?parent=504"}],"wp:term":[{"taxonomy":"product_brand","embeddable":true,"href":"https:\/\/www.vanilleetepicesdemadagascar.com\/en\/wp-json\/wp\/v2\/product_brand?post=504"},{"taxonomy":"product_cat","embeddable":true,"href":"https:\/\/www.vanilleetepicesdemadagascar.com\/en\/wp-json\/wp\/v2\/product_cat?post=504"},{"taxonomy":"product_tag","embeddable":true,"href":"https:\/\/www.vanilleetepicesdemadagascar.com\/en\/wp-json\/wp\/v2\/product_tag?post=504"}],"curies":[{"name":"wp","href":"https:\/\/api.w.org\/{rel}","templated":true}]}}