{"id":535,"date":"2021-08-27T12:29:10","date_gmt":"2021-08-27T10:29:10","guid":{"rendered":"https:\/\/www.vanilleetepicesdemadagascar.com\/?post_type=product&#038;p=535"},"modified":"2026-02-02T10:37:03","modified_gmt":"2026-02-02T09:37:03","slug":"baies-roses-de-madagascar","status":"publish","type":"product","link":"https:\/\/www.vanilleetepicesdemadagascar.com\/en\/product\/baies-roses-de-madagascar\/","title":{"rendered":"Baies roses de Madagascar"},"content":{"rendered":"","protected":false},"excerpt":{"rendered":"<p>Cette \u00e9pice au parfum puissant mais pas piquant est id\u00e9ale pour aromatiser les poissons ou viandes crus, les salades, les fromages et peut m\u00eame se retrouver en dessert dans une excellente soupe de fraises fra\u00eeches!<\/p>\n<p>Baies de rose vendues en sachet de 50, 100 ou 200 grammes<\/p>\n<p>Produites \u00e0 Madagascar de fa\u00e7on traditionnelle<\/p>\n<p>Production naturelle<\/p>","protected":false},"featured_media":1685,"template":"","meta":[],"product_brand":[],"product_cat":[20],"product_tag":[],"class_list":{"0":"post-535","1":"product","2":"type-product","3":"status-publish","4":"has-post-thumbnail","6":"product_cat-boutique","8":"first","9":"instock","10":"shipping-taxable","11":"purchasable","12":"product-type-variable"},"aioseo_notices":[],"jetpack_sharing_enabled":true,"_links":{"self":[{"href":"https:\/\/www.vanilleetepicesdemadagascar.com\/en\/wp-json\/wp\/v2\/product\/535","targetHints":{"allow":["GET"]}}],"collection":[{"href":"https:\/\/www.vanilleetepicesdemadagascar.com\/en\/wp-json\/wp\/v2\/product"}],"about":[{"href":"https:\/\/www.vanilleetepicesdemadagascar.com\/en\/wp-json\/wp\/v2\/types\/product"}],"version-history":[{"count":0,"href":"https:\/\/www.vanilleetepicesdemadagascar.com\/en\/wp-json\/wp\/v2\/product\/535\/revisions"}],"wp:featuredmedia":[{"embeddable":true,"href":"https:\/\/www.vanilleetepicesdemadagascar.com\/en\/wp-json\/wp\/v2\/media\/1685"}],"wp:attachment":[{"href":"https:\/\/www.vanilleetepicesdemadagascar.com\/en\/wp-json\/wp\/v2\/media?parent=535"}],"wp:term":[{"taxonomy":"product_brand","embeddable":true,"href":"https:\/\/www.vanilleetepicesdemadagascar.com\/en\/wp-json\/wp\/v2\/product_brand?post=535"},{"taxonomy":"product_cat","embeddable":true,"href":"https:\/\/www.vanilleetepicesdemadagascar.com\/en\/wp-json\/wp\/v2\/product_cat?post=535"},{"taxonomy":"product_tag","embeddable":true,"href":"https:\/\/www.vanilleetepicesdemadagascar.com\/en\/wp-json\/wp\/v2\/product_tag?post=535"}],"curies":[{"name":"wp","href":"https:\/\/api.w.org\/{rel}","templated":true}]}}